{"id":35,"date":"2014-05-14T17:00:27","date_gmt":"2014-05-14T16:00:27","guid":{"rendered":"http:\/\/content.profilmedecin.fr\/?page_id=35"},"modified":"2020-09-17T14:36:59","modified_gmt":"2020-09-17T13:36:59","slug":"specialites","status":"publish","type":"page","link":"https:\/\/www.profilmedecin.fr\/contenu\/specialites\/","title":{"rendered":"Chiffres cl\u00e9s par sp\u00e9cialit\u00e9"},"content":{"rendered":"<div>\n<p><strong><span style=\"line-height: 17pt; font-size: 12pt;\">Chirurgie<\/span><\/strong><\/p>\n<ul>\n<li><span style=\"line-height: 17pt; font-size: 12pt;\"><a href=\"https:\/\/content.profilmedecin.fr\/chiffres-cles-chirurgien-en-orthopedie-et-traumatologie\/\">Chirurgien en orthop\u00e9die et traumatologie<\/a><\/span><\/li>\n<li><span style=\"line-height: 17pt; font-size: 12pt;\"><a href=\"https:\/\/content.profilmedecin.fr\/chiffres-cles-chirurgien-general\/\">Chirurgien g\u00e9n\u00e9ral<\/a><\/span><\/li>\n<li><span style=\"line-height: 17pt; font-size: 12pt;\"><a href=\"https:\/\/content.profilmedecin.fr\/chiffres-cles-chirurgien-infantile\/\">Chirurgien infantile<\/a><\/span><\/li>\n<li><span style=\"line-height: 17pt; font-size: 12pt;\"><a href=\"https:\/\/content.profilmedecin.fr\/chiffres-cles-chirurgien-maxillo-facial-et-stomatologie\/\">Chirurgien maxillo-facial et stomatologie<\/a><\/span><\/li>\n<li><span style=\"line-height: 17pt; font-size: 12pt;\"><a href=\"https:\/\/content.profilmedecin.fr\/chiffres-cles-chirurgien-plastique\/\">Chirurgien plastique, reconstructrice, esth\u00e9tique<\/a><\/span><\/li>\n<li><span style=\"line-height: 17pt; font-size: 12pt;\"><a href=\"https:\/\/content.profilmedecin.fr\/chiffres-cles-chirurgien-thoracique-et-cardio-vasculaire\/\">Chirurgien thoracique et cardio-vasculaire<\/a><\/span><\/li>\n<li><span style=\"line-height: 17pt; font-size: 12pt;\"><a href=\"https:\/\/content.profilmedecin.fr\/chiffres-cles-chirurgien-urologue\/\">Chirurgien urologue<\/a><\/span><\/li>\n<li><span style=\"line-height: 17pt; font-size: 12pt;\"><a href=\"https:\/\/content.profilmedecin.fr\/chiffres-cles-chirurgien-vasculaire\/\">Chirurgien vasculaire<\/a><\/span><\/li>\n<li><span style=\"line-height: 17pt; font-size: 12pt;\"><a title=\"Chiffres cl\u00e9s : Chirurgien visc\u00e9ral\" href=\"https:\/\/content.profilmedecin.fr\/chiffres-cles-chirurgien-visceral\/\">Chirurgien visc\u00e9ral<\/a><\/span><\/li>\n<li><span style=\"line-height: 17pt; font-size: 12pt;\"><a href=\"https:\/\/content.profilmedecin.fr\/chiffres-cles-neurochirurgien\/\">Neurochirurgien<\/a><\/span><\/li>\n<\/ul>\n<p><strong><span style=\"line-height: 17pt; font-size: 12pt;\">M\u00e9decine<\/span><\/strong><\/p>\n<ul>\n<li><span style=\"line-height: 17pt; font-size: 12pt;\"><a title=\"Chiffres cl\u00e9s : M\u00e9decin du travail\" href=\"https:\/\/content.profilmedecin.fr\/chiffres-cles-medecin-du-travail\/\">M\u00e9decin du travail<\/a><\/span><\/li>\n<li><a href=\"https:\/\/content.profilmedecin.fr\/medecin-de-sante-publique-et-medecine-sociale\/\"><span style=\"line-height: 17pt; font-size: 12pt;\">M\u00e9decin de sant\u00e9 publique et m\u00e9decine sociale<\/span><\/a><\/li>\n<li><span style=\"line-height: 17pt; font-size: 12pt;\"><a title=\"Chiffres cl\u00e9s : M\u00e9decin g\u00e9n\u00e9raliste\" href=\"https:\/\/content.profilmedecin.fr\/chiffres-cles-medecin-generaliste\/\">M\u00e9decin g\u00e9n\u00e9raliste<\/a><\/span><\/li>\n<li><span style=\"line-height: 17pt; font-size: 12pt;\"><a title=\"Chiffres cl\u00e9s : G\u00e9riatre\" href=\"https:\/\/content.profilmedecin.fr\/chiffres-cles-medecin-geriatre\/\">G\u00e9riatre<\/a><\/span><\/li>\n<li><span style=\"line-height: 17pt; font-size: 12pt;\"><a href=\"https:\/\/content.profilmedecin.fr\/chiffres-cles-medecin-interniste\/\">Interniste<\/a><\/span><\/li>\n<li><span style=\"line-height: 17pt; font-size: 12pt;\"><a title=\"Chiffres cl\u00e9s : P\u00e9diatre\" href=\"https:\/\/content.profilmedecin.fr\/chiffres-cles-medecin-pediatre\/\">P\u00e9diatre \/ N\u00e9onatologue<\/a><\/span><\/li>\n<\/ul>\n<\/div>\n<div>\n<p><strong><span style=\"line-height: 17pt; font-size: 12pt;\">Imagerie m\u00e9dicale et biologie<\/span><\/strong><\/p>\n<ul>\n<li><span style=\"line-height: 17pt; font-size: 12pt;\"><a title=\"Chiffres cl\u00e9s : Biologiste\" href=\"https:\/\/content.profilmedecin.fr\/chiffres-cles-medecin-biologiste\/\">M\u00e9decin biologiste<\/a><\/span><\/li>\n<li><span style=\"line-height: 17pt; font-size: 12pt;\"><a href=\"https:\/\/content.profilmedecin.fr\/chiffres-cles-medecin-nucleaire\/\">M\u00e9decin nucl\u00e9aire<\/a><\/span><\/li>\n<li><span style=\"line-height: 17pt; font-size: 12pt;\"><a title=\"Chiffres cl\u00e9s : M\u00e9decin en radiodiagnostic et imagerie m\u00e9dicale\" href=\"https:\/\/content.profilmedecin.fr\/chiffres-cles-medecin-radiologue\/\">Radiologue<\/a><\/span><\/li>\n<\/ul>\n<\/div>\n<div>\n<p><strong><span style=\"line-height: 17pt; font-size: 12pt;\">M\u00e9tiers sp\u00e9cialis\u00e9s dans la m\u00e9decine obst\u00e9trique et les organes g\u00e9nitaux<\/span><\/strong><\/p>\n<ul>\n<li><span style=\"line-height: 17pt; font-size: 12pt;\"><a href=\"https:\/\/content.profilmedecin.fr\/chiffres-cles-gynecologue-medical\/\">Gyn\u00e9cologue m\u00e9dical<\/a><\/span><\/li>\n<li><span style=\"line-height: 17pt; font-size: 12pt;\"><a title=\"Chiffres cl\u00e9s : Gyn\u00e9cologue-obst\u00e9tricien\" href=\"https:\/\/content.profilmedecin.fr\/chiffres-cles-gynecologue-obstetrique\/\">Gyn\u00e9cologue obst\u00e9trique<\/a><\/span><\/li>\n<\/ul>\n<p><strong><span style=\"line-height: 17pt; font-size: 12pt;\">Par organe ou tissus&#8230;<\/span><\/strong><\/p>\n<ul>\n<li><span style=\"line-height: 17pt; font-size: 12pt;\"><a title=\"Chiffres cl\u00e9s : Oto-rhino-laryngologue\" href=\"https:\/\/content.profilmedecin.fr\/chiffres-cles-medecin-orl\/\">ORL<\/a><\/span><\/li>\n<li><span style=\"line-height: 17pt; font-size: 12pt;\"><a title=\"Chiffres cl\u00e9s : Cardiologue\" href=\"https:\/\/content.profilmedecin.fr\/chiffres-cles-medecin-cardiologue\/\">Cardiologue<\/a><\/span><\/li>\n<li><span style=\"line-height: 17pt; font-size: 12pt;\"><a title=\"Chiffres cl\u00e9s : Dermatologue\" href=\"https:\/\/content.profilmedecin.fr\/chiffres-cles-medecin-dermatologue\/\">Dermatologue<\/a><\/span><\/li>\n<li><span style=\"line-height: 17pt; font-size: 12pt;\"><a href=\"https:\/\/content.profilmedecin.fr\/chiffres-cles-medecin-endocrinologue\/\">Endocrinologue<\/a><\/span><\/li>\n<li><span style=\"line-height: 17pt; font-size: 12pt;\"><a href=\"https:\/\/content.profilmedecin.fr\/chiffres-cles-medecin-gastro-enterologue\/\">Gastro-ent\u00e9rologue<\/a><\/span><\/li>\n<li><span style=\"line-height: 17pt; font-size: 12pt;\"><a href=\"https:\/\/content.profilmedecin.fr\/chiffres-cles-hematologue\/\">H\u00e9matologue<\/a><\/span><\/li>\n<li><span style=\"line-height: 17pt; font-size: 12pt;\"><a title=\"Chiffres cl\u00e9s : Neurologue\" href=\"https:\/\/content.profilmedecin.fr\/chiffres-cles-neurologue\/\">Neurologue<\/a><\/span><\/li>\n<li><span style=\"line-height: 17pt; font-size: 12pt;\"><a title=\"Chiffres cl\u00e9s : N\u00e9phrologue\" href=\"https:\/\/content.profilmedecin.fr\/chiffres-cles-nephrologue\/\">N\u00e9phrologue<\/a><\/span><\/li>\n<li><span style=\"line-height: 17pt; font-size: 12pt;\"><a title=\"Chiffres cl\u00e9s : Ophtalmologue\" href=\"https:\/\/content.profilmedecin.fr\/chiffres-cles-ophtalmologue\/\">Ophtalmologue<\/a><\/span><\/li>\n<li><span style=\"line-height: 17pt; font-size: 12pt;\"><a title=\"Chiffres cl\u00e9s : Pneumologue\" href=\"https:\/\/content.profilmedecin.fr\/chiffres-cles-medecin-pneumologue\/\">Pneumologue<\/a><\/span><\/li>\n<li><span style=\"line-height: 17pt; font-size: 12pt;\"><a title=\"Chiffres cl\u00e9s : Stomatologue\" href=\"https:\/\/content.profilmedecin.fr\/chiffres-cles-stomatologue\/\">Stomatologue<\/a><\/span><\/li>\n<\/ul>\n<\/div>\n<div>\n<p><strong><span style=\"line-height: 17pt; font-size: 12pt;\">Par pathologie ou infection<\/span><\/strong><\/p>\n<ul>\n<li><span style=\"line-height: 17pt; font-size: 12pt;\"><a href=\"https:\/\/content.profilmedecin.fr\/chiffres-cles-anatomopathologiste\/\">Anatomopathologiste<\/a><\/span><\/li>\n<li><span style=\"line-height: 17pt; font-size: 12pt;\"><a href=\"https:\/\/content.profilmedecin.fr\/chiffres-cles-oncologue-medical\/\">Oncologue<\/a><\/span><\/li>\n<li><span style=\"line-height: 17pt; font-size: 12pt;\"><a title=\"Chiffres cl\u00e9s : Psychiatre\" href=\"https:\/\/content.profilmedecin.fr\/chiffres-cles-psychiatre\/\">Psychiatre<\/a><\/span><\/li>\n<li><span style=\"line-height: 17pt; font-size: 12pt;\"><a href=\"https:\/\/content.profilmedecin.fr\/chiffres-cles-medecin-psychiatre\/\">P\u00e9dopsychiatre<\/a><\/span><\/li>\n<li><span style=\"line-height: 17pt; font-size: 12pt;\"><a title=\"Chiffres cl\u00e9s : Rhumatologue\" href=\"https:\/\/content.profilmedecin.fr\/chiffres-cles-rhumatologue\/\">Rhumatologue<\/a><\/span><\/li>\n<li><span style=\"line-height: 17pt; font-size: 12pt;\"><a title=\"Chiffres cl\u00e9s : M\u00e9decin physique et de r\u00e9adaptation\" href=\"https:\/\/content.profilmedecin.fr\/chiffres-cles-medecin-physique-et-de-readaptation\/\">M\u00e9decin r\u00e9\u00e9ducateur<\/a><\/span><\/li>\n<\/ul>\n<p><strong><span style=\"line-height: 17pt; font-size: 12pt;\">Urgences, Anesth\u00e9sie-R\u00e9animation<\/span><\/strong><\/p>\n<ul>\n<li><span style=\"line-height: 17pt; font-size: 12pt;\"><a title=\"Chiffres cl\u00e9s : Anesth\u00e9siste-r\u00e9animateur\" href=\"https:\/\/content.profilmedecin.fr\/chiffres-cles-medecin-anesthesiste\/\">Anesth\u00e9siste \/ R\u00e9animateur<\/a><\/span><\/li>\n<li><a href=\"https:\/\/content.profilmedecin.fr\/medecin-de-reanimation-medicale\/\"><span style=\"line-height: 17pt; font-size: 12pt;\">M\u00e9decin de r\u00e9animation m\u00e9dicale<\/span><\/a><\/li>\n<\/ul>\n<\/div>\n","protected":false},"excerpt":{"rendered":"Chirurgie Chirurgien en orthop\u00e9die et traumatologie Chirurgien g\u00e9n\u00e9ral Chirurgien infantile Chirurgien maxillo-facial et stomatologie Chirurgien plastique, reconstructrice, esth\u00e9tique Chirurgien thoracique et cardio-vasculaire Chirurgien urologue Chirurgien vasculaire Chirurgien visc\u00e9ral Neurochirurgien M\u00e9decine M\u00e9decin du travail M\u00e9decin de sant\u00e9 publique et m\u00e9decine sociale M\u00e9decin g\u00e9n\u00e9raliste G\u00e9riatre Interniste P\u00e9diatre \/ N\u00e9onatologue Imagerie m\u00e9dicale et biologie M\u00e9decin biologiste M\u00e9decin nucl\u00e9aire&#8230; <a class=\"view-article\" href=\"https:\/\/www.profilmedecin.fr\/contenu\/specialites\/\">Voir l&rsquo;article<\/a>","protected":false},"author":1,"featured_media":0,"parent":0,"menu_order":0,"comment_status":"closed","ping_status":"closed","template":"","meta":{"footnotes":""},"class_list":["post-35","page","type-page","status-publish","hentry"],"yoast_head":"<!-- This site is optimized with the Yoast SEO plugin v27.1.1 - https:\/\/yoast.com\/product\/yoast-seo-wordpress\/ -->\n<title>Chiffres cl\u00e9s par sp\u00e9cialit\u00e9s m\u00e9dicales<\/title>\n<meta name=\"description\" content=\"Consultez tous les chiffres cl\u00e9s pour chaque sp\u00e9cialit\u00e9 m\u00e9dicale : chirurgien, m\u00e9decin du travail, radiologue et bien d&#039;autres !\" \/>\n<meta name=\"robots\" content=\"index, follow, max-snippet:-1, max-image-preview:large, max-video-preview:-1\" \/>\n<link rel=\"canonical\" href=\"https:\/\/www.profilmedecin.fr\/contenu\/specialites\/\" \/>\n<meta property=\"og:locale\" content=\"fr_FR\" \/>\n<meta property=\"og:type\" content=\"article\" \/>\n<meta property=\"og:title\" content=\"Chiffres cl\u00e9s par sp\u00e9cialit\u00e9s m\u00e9dicales\" \/>\n<meta property=\"og:description\" content=\"Consultez tous les chiffres cl\u00e9s pour chaque sp\u00e9cialit\u00e9 m\u00e9dicale : chirurgien, m\u00e9decin du travail, radiologue et bien d&#039;autres !\" \/>\n<meta property=\"og:url\" content=\"https:\/\/www.profilmedecin.fr\/contenu\/specialites\/\" \/>\n<meta property=\"og:site_name\" content=\"Profil M\u00e9decin\" \/>\n<meta property=\"article:modified_time\" content=\"2020-09-17T13:36:59+00:00\" \/>\n<meta name=\"twitter:label1\" content=\"Dur\u00e9e de lecture estim\u00e9e\" \/>\n\t<meta name=\"twitter:data1\" content=\"1 minute\" \/>\n<script type=\"application\/ld+json\" class=\"yoast-schema-graph\">{\"@context\":\"https:\/\/schema.org\",\"@graph\":[{\"@type\":\"WebPage\",\"@id\":\"https:\/\/www.profilmedecin.fr\/contenu\/specialites\/\",\"url\":\"https:\/\/www.profilmedecin.fr\/contenu\/specialites\/\",\"name\":\"Chiffres cl\u00e9s par sp\u00e9cialit\u00e9s m\u00e9dicales\",\"isPartOf\":{\"@id\":\"https:\/\/www.profilmedecin.fr\/contenu\/#website\"},\"datePublished\":\"2014-05-14T16:00:27+00:00\",\"dateModified\":\"2020-09-17T13:36:59+00:00\",\"description\":\"Consultez tous les chiffres cl\u00e9s pour chaque sp\u00e9cialit\u00e9 m\u00e9dicale : chirurgien, m\u00e9decin du travail, radiologue et bien d'autres !\",\"breadcrumb\":{\"@id\":\"https:\/\/www.profilmedecin.fr\/contenu\/specialites\/#breadcrumb\"},\"inLanguage\":\"fr-FR\",\"potentialAction\":[{\"@type\":\"ReadAction\",\"target\":[\"https:\/\/www.profilmedecin.fr\/contenu\/specialites\/\"]}]},{\"@type\":\"BreadcrumbList\",\"@id\":\"https:\/\/www.profilmedecin.fr\/contenu\/specialites\/#breadcrumb\",\"itemListElement\":[{\"@type\":\"ListItem\",\"position\":1,\"name\":\"Accueil\",\"item\":\"https:\/\/www.profilmedecin.fr\/contenu\/\"},{\"@type\":\"ListItem\",\"position\":2,\"name\":\"Chiffres cl\u00e9s par sp\u00e9cialit\u00e9\"}]},{\"@type\":\"WebSite\",\"@id\":\"https:\/\/www.profilmedecin.fr\/contenu\/#website\",\"url\":\"https:\/\/www.profilmedecin.fr\/contenu\/\",\"name\":\"Profil M\u00e9decin\",\"description\":\"S\u00e9lection d&#039;opportunit\u00e9s\",\"publisher\":{\"@id\":\"https:\/\/www.profilmedecin.fr\/contenu\/#organization\"},\"potentialAction\":[{\"@type\":\"SearchAction\",\"target\":{\"@type\":\"EntryPoint\",\"urlTemplate\":\"https:\/\/www.profilmedecin.fr\/contenu\/?s={search_term_string}\"},\"query-input\":{\"@type\":\"PropertyValueSpecification\",\"valueRequired\":true,\"valueName\":\"search_term_string\"}}],\"inLanguage\":\"fr-FR\"},{\"@type\":\"Organization\",\"@id\":\"https:\/\/www.profilmedecin.fr\/contenu\/#organization\",\"name\":\"Profil M\u00e9decin\",\"url\":\"https:\/\/www.profilmedecin.fr\/contenu\/\",\"logo\":{\"@type\":\"ImageObject\",\"inLanguage\":\"fr-FR\",\"@id\":\"https:\/\/www.profilmedecin.fr\/contenu\/#\/schema\/logo\/image\/\",\"url\":\"https:\/\/content.profilmedecin.fr\/wp-content\/uploads\/2019\/11\/logo-profil-medecin.png\",\"contentUrl\":\"https:\/\/content.profilmedecin.fr\/wp-content\/uploads\/2019\/11\/logo-profil-medecin.png\",\"width\":325,\"height\":95,\"caption\":\"Profil M\u00e9decin\"},\"image\":{\"@id\":\"https:\/\/www.profilmedecin.fr\/contenu\/#\/schema\/logo\/image\/\"}}]}<\/script>\n<!-- \/ Yoast SEO plugin. -->","yoast_head_json":{"title":"Chiffres cl\u00e9s par sp\u00e9cialit\u00e9s m\u00e9dicales","description":"Consultez tous les chiffres cl\u00e9s pour chaque sp\u00e9cialit\u00e9 m\u00e9dicale : chirurgien, m\u00e9decin du travail, radiologue et bien d'autres !","robots":{"index":"index","follow":"follow","max-snippet":"max-snippet:-1","max-image-preview":"max-image-preview:large","max-video-preview":"max-video-preview:-1"},"canonical":"https:\/\/www.profilmedecin.fr\/contenu\/specialites\/","og_locale":"fr_FR","og_type":"article","og_title":"Chiffres cl\u00e9s par sp\u00e9cialit\u00e9s m\u00e9dicales","og_description":"Consultez tous les chiffres cl\u00e9s pour chaque sp\u00e9cialit\u00e9 m\u00e9dicale : chirurgien, m\u00e9decin du travail, radiologue et bien d'autres !","og_url":"https:\/\/www.profilmedecin.fr\/contenu\/specialites\/","og_site_name":"Profil M\u00e9decin","article_modified_time":"2020-09-17T13:36:59+00:00","twitter_misc":{"Dur\u00e9e de lecture estim\u00e9e":"1 minute"},"schema":{"@context":"https:\/\/schema.org","@graph":[{"@type":"WebPage","@id":"https:\/\/www.profilmedecin.fr\/contenu\/specialites\/","url":"https:\/\/www.profilmedecin.fr\/contenu\/specialites\/","name":"Chiffres cl\u00e9s par sp\u00e9cialit\u00e9s m\u00e9dicales","isPartOf":{"@id":"https:\/\/www.profilmedecin.fr\/contenu\/#website"},"datePublished":"2014-05-14T16:00:27+00:00","dateModified":"2020-09-17T13:36:59+00:00","description":"Consultez tous les chiffres cl\u00e9s pour chaque sp\u00e9cialit\u00e9 m\u00e9dicale : chirurgien, m\u00e9decin du travail, radiologue et bien d'autres !","breadcrumb":{"@id":"https:\/\/www.profilmedecin.fr\/contenu\/specialites\/#breadcrumb"},"inLanguage":"fr-FR","potentialAction":[{"@type":"ReadAction","target":["https:\/\/www.profilmedecin.fr\/contenu\/specialites\/"]}]},{"@type":"BreadcrumbList","@id":"https:\/\/www.profilmedecin.fr\/contenu\/specialites\/#breadcrumb","itemListElement":[{"@type":"ListItem","position":1,"name":"Accueil","item":"https:\/\/www.profilmedecin.fr\/contenu\/"},{"@type":"ListItem","position":2,"name":"Chiffres cl\u00e9s par sp\u00e9cialit\u00e9"}]},{"@type":"WebSite","@id":"https:\/\/www.profilmedecin.fr\/contenu\/#website","url":"https:\/\/www.profilmedecin.fr\/contenu\/","name":"Profil M\u00e9decin","description":"S\u00e9lection d&#039;opportunit\u00e9s","publisher":{"@id":"https:\/\/www.profilmedecin.fr\/contenu\/#organization"},"potentialAction":[{"@type":"SearchAction","target":{"@type":"EntryPoint","urlTemplate":"https:\/\/www.profilmedecin.fr\/contenu\/?s={search_term_string}"},"query-input":{"@type":"PropertyValueSpecification","valueRequired":true,"valueName":"search_term_string"}}],"inLanguage":"fr-FR"},{"@type":"Organization","@id":"https:\/\/www.profilmedecin.fr\/contenu\/#organization","name":"Profil M\u00e9decin","url":"https:\/\/www.profilmedecin.fr\/contenu\/","logo":{"@type":"ImageObject","inLanguage":"fr-FR","@id":"https:\/\/www.profilmedecin.fr\/contenu\/#\/schema\/logo\/image\/","url":"https:\/\/content.profilmedecin.fr\/wp-content\/uploads\/2019\/11\/logo-profil-medecin.png","contentUrl":"https:\/\/content.profilmedecin.fr\/wp-content\/uploads\/2019\/11\/logo-profil-medecin.png","width":325,"height":95,"caption":"Profil M\u00e9decin"},"image":{"@id":"https:\/\/www.profilmedecin.fr\/contenu\/#\/schema\/logo\/image\/"}}]}},"_links":{"self":[{"href":"https:\/\/www.profilmedecin.fr\/contenu\/wp-json\/wp\/v2\/pages\/35","targetHints":{"allow":["GET"]}}],"collection":[{"href":"https:\/\/www.profilmedecin.fr\/contenu\/wp-json\/wp\/v2\/pages"}],"about":[{"href":"https:\/\/www.profilmedecin.fr\/contenu\/wp-json\/wp\/v2\/types\/page"}],"author":[{"embeddable":true,"href":"https:\/\/www.profilmedecin.fr\/contenu\/wp-json\/wp\/v2\/users\/1"}],"replies":[{"embeddable":true,"href":"https:\/\/www.profilmedecin.fr\/contenu\/wp-json\/wp\/v2\/comments?post=35"}],"version-history":[{"count":5,"href":"https:\/\/www.profilmedecin.fr\/contenu\/wp-json\/wp\/v2\/pages\/35\/revisions"}],"predecessor-version":[{"id":5312,"href":"https:\/\/www.profilmedecin.fr\/contenu\/wp-json\/wp\/v2\/pages\/35\/revisions\/5312"}],"wp:attachment":[{"href":"https:\/\/www.profilmedecin.fr\/contenu\/wp-json\/wp\/v2\/media?parent=35"}],"curies":[{"name":"wp","href":"https:\/\/api.w.org\/{rel}","templated":true}]}}